{"id":10421,"date":"2024-01-16T16:48:32","date_gmt":"2024-01-16T15:48:32","guid":{"rendered":"https:\/\/vildmark.se\/?page_id=10421"},"modified":"2026-04-07T10:30:11","modified_gmt":"2026-04-07T08:30:11","slug":"tiere-erleben","status":"publish","type":"page","link":"https:\/\/www.vildmark.se\/de\/erlebnisse\/tiere-erleben\/","title":{"rendered":"Tiere erleben"},"content":{"rendered":"<div class=\"block-container block-acf-hero\"><div class=\"block is-acf-block acf-hero\"><div class=\"hero hero--design-3 wp-block-acf-hero\">\t<div class=\"container\">\n\t<div class=\"hero-image-wrapper\">\n\t\t\t\t\t \t\t\t\t<picture><source media=\"(min-width: 992px)\" srcset=\"\/wp-content\/uploads\/2024\/01\/Alg-scaled-e1705420700710-2379x1350-c-center.webp 1x\" type=\"image\/webp\" fetchpriority=\"high\"><source media=\"(min-width: 0px)\" srcset=\"\/wp-content\/uploads\/2024\/01\/Alg-scaled-e1705420700710-360x640-c-center.webp 1x, \/wp-content\/uploads\/2024\/01\/Alg-scaled-e1705420700710-720x1280-c-center.webp 2x\" type=\"image\/webp\" fetchpriority=\"high\"><img srcset=\"\/wp-content\/uploads\/2024\/01\/Alg-scaled-e1705420700710-2379x1350-c-center.webp\" class=\"\" alt=\"\" fetchpriority=\"high\"><\/picture>\n\t\t\t\t\t\t<\/div>\n\t<div class=\"hero-content-wrapper gradient-2 row\">\n\t\t<div class=\"col-12 col-md-6 order-2 order-md-1 no-margin-padding\">\n\t\t\t<div class=\"hero-fade-bg\">\n\t\t\t\t<div class=\"hero__content\">\n\t\t\t\t\t<div class=\"hero__content__inner\">\n\t\t\t\t\t\t<div class=\"acf-innerblocks-container\">\n<div class=\"block-container block-acf-breadcrumbs has-link-color\"><div class=\"block is-acf-block acf-breadcrumbs\"><div class=\"wp-block-acf-breadcrumbs wp-elements-c25e84402b08c91aba06ced57b926e5a\"><ul class=\"breadcrumbs d-flex\">\n\t \n\t<li class=\"breadcrumbs__item has-white-color has-text-color\">\n\t\t\t\t\t<a href=\"https:\/\/www.vildmark.se\/de\/\">Home<\/a>\n\t\t\t<\/li>\n\t \n\t<li class=\"breadcrumbs__item has-white-color has-text-color\">\n\t\t\t\t\t<span class=\"breadcrumbs__item__active\">Tiere erleben<\/span>\n\t\t\t<\/li>\n\t<\/ul>\n\n<\/div><\/div><\/div>\n\n<div class=\"block-container block-core-heading alignleft\"><div class=\"block is-wp-block core-heading\">\n<h1 class=\"wp-block-heading has-text-align-left has-white-color has-text-color\"><strong>Tiere erleben<\/strong><\/h1>\n<\/div><\/div>\n<\/div>\n\t\t\t\t\t<\/div>\n\t\t\t\t<\/div>\n\t\t\t<\/div>\n\t\t<\/div>\n\t<\/div>\n<\/div>\n<\/div><\/div><\/div>\n\n<div class=\"block-container block-core-paragraph\"><div class=\"block is-wp-block core-paragraph\">\n<p>Eine Holzflo\u00dffahrt oder Kanutour bietet viele M\u00f6glichkeiten, die skandinavische Tierwelt zu erleben. Den scheuen Biber am Ufer entlang schwimmen zu sehen oder einen Elch beim Fressen zu beobachten, sind magische Augenblicke.<\/p>\n<\/div><\/div>\n\n<div class=\"block-container block-core-paragraph\"><div class=\"block is-wp-block core-paragraph\">\n<p>In den v\u00e4rml\u00e4ndischen W\u00e4ldern gibt es auch Rehe, F\u00fcchse, Hasen und viele andere Tiere. Zu den sehr scheuen Arten, die man nur sehr selten zu sehen bekommt, geh\u00f6ren Wolf, B\u00e4r und Luchs. Die zahlreiche Vogelwelt umfasst Auerhahn, Birkhuhn, Reiher, Kranich, verschiedene Raubv\u00f6gel und kleinere Singv\u00f6gel. In Wasser n\u00e4he kann man dar\u00fcber hinaus viele verschiedene Wasserv\u00f6gel beobachten.<\/p>\n<\/div><\/div>\n\n<div class=\"block-container block-core-buttons\"><div class=\"block is-wp-block core-buttons\">\n<div class=\"wp-block-buttons is-layout-flex wp-block-buttons-is-layout-flex\">\n<div class=\"wp-block-button\"><a class=\"wp-block-button__link wp-element-button\" href=\"https:\/\/www.vildmark.se\/de\/erlebnisse\/\">zur\u00fcck zu Erlebnisse<\/a><\/div>\n<\/div>\n<\/div><\/div>","protected":false},"excerpt":{"rendered":"<p>Eine Holzflo\u00dffahrt oder Kanutour bietet viele M\u00f6glichkeiten, die skandinavische Tierwelt zu erleben. Den scheuen Biber am Ufer entlang schwimmen zu sehen oder einen Elch beim Fressen zu beobachten, sind magische Augenblicke. In den v\u00e4rml\u00e4ndischen W\u00e4ldern gibt es auch Rehe, F\u00fcchse, Hasen und viele andere Tiere. Zu den sehr scheuen Arten, die man nur sehr selten [&hellip;]<\/p>\n","protected":false},"author":5,"featured_media":0,"parent":10034,"menu_order":0,"comment_status":"closed","ping_status":"closed","template":"","meta":{"_acf_changed":false,"footnotes":""},"tags":[],"class_list":["post-10421","page","type-page","status-publish","hentry"],"acf":[],"yoast_head":"<!-- This site is optimized with the Yoast SEO plugin v27.5 - https:\/\/yoast.com\/product\/yoast-seo-wordpress\/ -->\n<title>Tiere erleben | Vildmark i V\u00e4rmland<\/title>\n<meta name=\"description\" content=\"Was w\u00e4re die Natur ohne Tiere?! Vildmark i V\u00e4rmland bringt Sie der Natur nahe und l\u00e4sst Sie die Tiere in ihrem nat\u00fcrlichen Umfeld erleben.\" \/>\n<meta name=\"robots\" content=\"index, follow, max-snippet:-1, max-image-preview:large, max-video-preview:-1\" \/>\n<link rel=\"canonical\" href=\"https:\/\/www.vildmark.se\/de\/erlebnisse\/tiere-erleben\/\" \/>\n<meta property=\"og:locale\" content=\"de_DE\" \/>\n<meta property=\"og:type\" content=\"article\" \/>\n<meta property=\"og:title\" content=\"Tiere erleben | Vildmark i V\u00e4rmland\" \/>\n<meta property=\"og:description\" content=\"Was w\u00e4re die Natur ohne Tiere?! Vildmark i V\u00e4rmland bringt Sie der Natur nahe und l\u00e4sst Sie die Tiere in ihrem nat\u00fcrlichen Umfeld erleben.\" \/>\n<meta property=\"og:url\" content=\"https:\/\/www.vildmark.se\/de\/erlebnisse\/tiere-erleben\/\" \/>\n<meta property=\"og:site_name\" content=\"Vildmark i V\u00e4rmland\" \/>\n<meta property=\"article:modified_time\" content=\"2026-04-07T08:30:11+00:00\" \/>\n<meta name=\"twitter:card\" content=\"summary_large_image\" \/>\n<meta name=\"twitter:label1\" content=\"Gesch\u00e4tzte Lesezeit\" \/>\n\t<meta name=\"twitter:data1\" content=\"1\u00a0Minute\" \/>\n<script type=\"application\/ld+json\" class=\"yoast-schema-graph\">{\"@context\":\"https:\\\/\\\/schema.org\",\"@graph\":[{\"@type\":\"WebPage\",\"@id\":\"https:\\\/\\\/www.vildmark.se\\\/de\\\/erlebnisse\\\/tiere-erleben\\\/\",\"url\":\"https:\\\/\\\/www.vildmark.se\\\/de\\\/erlebnisse\\\/tiere-erleben\\\/\",\"name\":\"Tiere erleben | Vildmark i V\u00e4rmland\",\"isPartOf\":{\"@id\":\"https:\\\/\\\/www.vildmark.se\\\/de\\\/#website\"},\"datePublished\":\"2024-01-16T15:48:32+00:00\",\"dateModified\":\"2026-04-07T08:30:11+00:00\",\"description\":\"Was w\u00e4re die Natur ohne Tiere?! Vildmark i V\u00e4rmland bringt Sie der Natur nahe und l\u00e4sst Sie die Tiere in ihrem nat\u00fcrlichen Umfeld erleben.\",\"breadcrumb\":{\"@id\":\"https:\\\/\\\/www.vildmark.se\\\/de\\\/erlebnisse\\\/tiere-erleben\\\/#breadcrumb\"},\"inLanguage\":\"de\",\"potentialAction\":[{\"@type\":\"ReadAction\",\"target\":[\"https:\\\/\\\/www.vildmark.se\\\/de\\\/erlebnisse\\\/tiere-erleben\\\/\"]}]},{\"@type\":\"BreadcrumbList\",\"@id\":\"https:\\\/\\\/www.vildmark.se\\\/de\\\/erlebnisse\\\/tiere-erleben\\\/#breadcrumb\",\"itemListElement\":[{\"@type\":\"ListItem\",\"position\":1,\"name\":\"Erlebnisse\",\"item\":\"https:\\\/\\\/www.vildmark.se\\\/de\\\/erlebnisse\\\/\"},{\"@type\":\"ListItem\",\"position\":2,\"name\":\"Tiere erleben\"}]},{\"@type\":\"WebSite\",\"@id\":\"https:\\\/\\\/www.vildmark.se\\\/de\\\/#website\",\"url\":\"https:\\\/\\\/www.vildmark.se\\\/de\\\/\",\"name\":\"Vildmark i V\u00e4rmland\",\"description\":\"\",\"potentialAction\":[{\"@type\":\"SearchAction\",\"target\":{\"@type\":\"EntryPoint\",\"urlTemplate\":\"https:\\\/\\\/www.vildmark.se\\\/de\\\/?s={search_term_string}\"},\"query-input\":{\"@type\":\"PropertyValueSpecification\",\"valueRequired\":true,\"valueName\":\"search_term_string\"}}],\"inLanguage\":\"de\"}]}<\/script>\n<!-- \/ Yoast SEO plugin. -->","yoast_head_json":{"title":"Tiere erleben | Vildmark i V\u00e4rmland","description":"Was w\u00e4re die Natur ohne Tiere?! Vildmark i V\u00e4rmland bringt Sie der Natur nahe und l\u00e4sst Sie die Tiere in ihrem nat\u00fcrlichen Umfeld erleben.","robots":{"index":"index","follow":"follow","max-snippet":"max-snippet:-1","max-image-preview":"max-image-preview:large","max-video-preview":"max-video-preview:-1"},"canonical":"https:\/\/www.vildmark.se\/de\/erlebnisse\/tiere-erleben\/","og_locale":"de_DE","og_type":"article","og_title":"Tiere erleben | Vildmark i V\u00e4rmland","og_description":"Was w\u00e4re die Natur ohne Tiere?! Vildmark i V\u00e4rmland bringt Sie der Natur nahe und l\u00e4sst Sie die Tiere in ihrem nat\u00fcrlichen Umfeld erleben.","og_url":"https:\/\/www.vildmark.se\/de\/erlebnisse\/tiere-erleben\/","og_site_name":"Vildmark i V\u00e4rmland","article_modified_time":"2026-04-07T08:30:11+00:00","twitter_card":"summary_large_image","twitter_misc":{"Gesch\u00e4tzte Lesezeit":"1\u00a0Minute"},"schema":{"@context":"https:\/\/schema.org","@graph":[{"@type":"WebPage","@id":"https:\/\/www.vildmark.se\/de\/erlebnisse\/tiere-erleben\/","url":"https:\/\/www.vildmark.se\/de\/erlebnisse\/tiere-erleben\/","name":"Tiere erleben | Vildmark i V\u00e4rmland","isPartOf":{"@id":"https:\/\/www.vildmark.se\/de\/#website"},"datePublished":"2024-01-16T15:48:32+00:00","dateModified":"2026-04-07T08:30:11+00:00","description":"Was w\u00e4re die Natur ohne Tiere?! Vildmark i V\u00e4rmland bringt Sie der Natur nahe und l\u00e4sst Sie die Tiere in ihrem nat\u00fcrlichen Umfeld erleben.","breadcrumb":{"@id":"https:\/\/www.vildmark.se\/de\/erlebnisse\/tiere-erleben\/#breadcrumb"},"inLanguage":"de","potentialAction":[{"@type":"ReadAction","target":["https:\/\/www.vildmark.se\/de\/erlebnisse\/tiere-erleben\/"]}]},{"@type":"BreadcrumbList","@id":"https:\/\/www.vildmark.se\/de\/erlebnisse\/tiere-erleben\/#breadcrumb","itemListElement":[{"@type":"ListItem","position":1,"name":"Erlebnisse","item":"https:\/\/www.vildmark.se\/de\/erlebnisse\/"},{"@type":"ListItem","position":2,"name":"Tiere erleben"}]},{"@type":"WebSite","@id":"https:\/\/www.vildmark.se\/de\/#website","url":"https:\/\/www.vildmark.se\/de\/","name":"Vildmark i V\u00e4rmland","description":"","potentialAction":[{"@type":"SearchAction","target":{"@type":"EntryPoint","urlTemplate":"https:\/\/www.vildmark.se\/de\/?s={search_term_string}"},"query-input":{"@type":"PropertyValueSpecification","valueRequired":true,"valueName":"search_term_string"}}],"inLanguage":"de"}]}},"publishpress_future_action":{"enabled":false,"date":"2026-05-16 06:02:41","action":"change-status","newStatus":"draft","terms":[],"taxonomy":"post_tag","extraData":[]},"publishpress_future_workflow_manual_trigger":{"enabledWorkflows":[]},"_links":{"self":[{"href":"https:\/\/www.vildmark.se\/de\/wp-json\/wp\/v2\/pages\/10421","targetHints":{"allow":["GET"]}}],"collection":[{"href":"https:\/\/www.vildmark.se\/de\/wp-json\/wp\/v2\/pages"}],"about":[{"href":"https:\/\/www.vildmark.se\/de\/wp-json\/wp\/v2\/types\/page"}],"author":[{"embeddable":true,"href":"https:\/\/www.vildmark.se\/de\/wp-json\/wp\/v2\/users\/5"}],"replies":[{"embeddable":true,"href":"https:\/\/www.vildmark.se\/de\/wp-json\/wp\/v2\/comments?post=10421"}],"version-history":[{"count":5,"href":"https:\/\/www.vildmark.se\/de\/wp-json\/wp\/v2\/pages\/10421\/revisions"}],"predecessor-version":[{"id":29047,"href":"https:\/\/www.vildmark.se\/de\/wp-json\/wp\/v2\/pages\/10421\/revisions\/29047"}],"up":[{"embeddable":true,"href":"https:\/\/www.vildmark.se\/de\/wp-json\/wp\/v2\/pages\/10034"}],"wp:attachment":[{"href":"https:\/\/www.vildmark.se\/de\/wp-json\/wp\/v2\/media?parent=10421"}],"wp:term":[{"taxonomy":"post_tag","embeddable":true,"href":"https:\/\/www.vildmark.se\/de\/wp-json\/wp\/v2\/tags?post=10421"}],"curies":[{"name":"wp","href":"https:\/\/api.w.org\/{rel}","templated":true}]}}