{"id":13677,"date":"2024-03-06T15:24:28","date_gmt":"2024-03-06T14:24:28","guid":{"rendered":"https:\/\/vildmark.se\/?page_id=13677"},"modified":"2026-04-15T18:42:16","modified_gmt":"2026-04-15T16:42:16","slug":"spezialangebote","status":"publish","type":"page","link":"https:\/\/www.vildmark.se\/de\/spezialangebote\/","title":{"rendered":"Spezialangebote"},"content":{"rendered":"<div class=\"block-container block-core-cover alignfull\"><div class=\"block is-wp-block core-cover\">\n<div class=\"wp-block-cover alignfull\"><img loading=\"lazy\" class=\"wp-block-cover__image-background wp-image-28086 size-large lazy\" alt=\"\" data-src=\"\/wp-content\/uploads\/2026\/03\/2020-Katharina-Steffens-Granberget-1-2880x2160-1920x1080-c-center.webp\" data-object-fit=\"cover\"\/><span aria-hidden=\"true\" class=\"wp-block-cover__background has-background-dim-30 has-background-dim\"><\/span><div class=\"wp-block-cover__inner-container is-layout-constrained wp-block-cover-is-layout-constrained\"><div class=\"block-container block-core-heading\"><div class=\"block is-wp-block core-heading\">\n<h1 class=\"wp-block-heading has-white-color has-text-color\">Spezialangebote 2026<\/h1>\n<\/div><\/div><\/div><\/div>\n<\/div><\/div>\n\n<div class=\"block-container block-core-heading aligncenter\"><div class=\"block is-wp-block core-heading\">\n<h2 class=\"wp-block-heading has-text-align-center\">Sparen Sie bis zu 40%!<\/h2>\n<\/div><\/div>\n\n<div class=\"block-container block-core-paragraph aligncenter\"><div class=\"block is-wp-block core-paragraph\">\n<p class=\"has-text-align-center\">Lassen Sie die Dunkelheit des Winters hinter sich und begeben Sie sich auf gro\u00dfe Tour. Wenn die N\u00e4chte besonders hell und die Tage schier unendlich sind, bieten wir einige unserer Angebote zu Spezialpreisen an. <br>Willkommen zum Abenteuer!<\/p>\n<\/div><\/div>\n\n<div class=\"block-container block-acf-cards\"><div class=\"block is-acf-block acf-cards\"><div class=\"wp-block-acf-cards\">\t\t\t\n\t\n\t\t<div class=\"row \">\n\t\t\t\t\t\t<div class=\"col-12 col-md-6 puff__col\">\n\t\t\t\t<div class=\"puff__item puff__item--3-4 \" style=\"\">\n\t\t\t\t\t<div class=\"puff__item__body\">\n\t\t\t\t\t\t\t\t\t\t\t\t\t<div class=\"puff__img\" data-link=\"\">\n\t\t\t\t\t\t\t\t\t\t\t\t\t\t\t\t\t<picture><source type=\"image\/webp\" media=\"(min-width: 992px)\" data-srcset=\"\/wp-content\/uploads\/2025\/02\/2020-Tommy-Pedersen-Tf-pa-alven-Tf1Tf2Tf2n-6-e1739542169902-636x343-c-center.webp 1x, \/wp-content\/uploads\/2025\/02\/2020-Tommy-Pedersen-Tf-pa-alven-Tf1Tf2Tf2n-6-e1739542169902-1272x686-c-center.webp 2x\" \/><source media=\"(min-width: 992px)\" data-srcset=\"\/wp-content\/uploads\/2025\/02\/2020-Tommy-Pedersen-Tf-pa-alven-Tf1Tf2Tf2n-6-e1739542169902-636x343-c-center.jpg 1x, \/wp-content\/uploads\/2025\/02\/2020-Tommy-Pedersen-Tf-pa-alven-Tf1Tf2Tf2n-6-e1739542169902-1272x686-c-center.jpg 2x\" \/><source type=\"image\/webp\" media=\"(min-width: 768px)\" data-srcset=\"\/wp-content\/uploads\/2025\/02\/2020-Tommy-Pedersen-Tf-pa-alven-Tf1Tf2Tf2n-6-e1739542169902-348x214-c-center.webp 1x, \/wp-content\/uploads\/2025\/02\/2020-Tommy-Pedersen-Tf-pa-alven-Tf1Tf2Tf2n-6-e1739542169902-696x428-c-center.webp 2x\" \/><source media=\"(min-width: 768px)\" data-srcset=\"\/wp-content\/uploads\/2025\/02\/2020-Tommy-Pedersen-Tf-pa-alven-Tf1Tf2Tf2n-6-e1739542169902-348x214-c-center.jpg 1x, \/wp-content\/uploads\/2025\/02\/2020-Tommy-Pedersen-Tf-pa-alven-Tf1Tf2Tf2n-6-e1739542169902-696x428-c-center.jpg 2x\" \/><img class=\"lazy\" alt=\"Vildmark V\u00e4rmland - Klar\u00e4lvens CampingFoto: Tommy Pedersen070-3046086\" data-srcset=\"\/wp-content\/uploads\/2025\/02\/2020-Tommy-Pedersen-Tf-pa-alven-Tf1Tf2Tf2n-6-e1739542169902-636x343-c-center.jpg\" \/><\/picture>\n\t\t\t\t\t\t\t\t\t\t\t\t\t\t\t\t\t\t\t\t\t\t\t<\/div>\n\t\t\t\t\t\t\t\t\t\t\t\t<div class=\"puff__content\">\n\t\t\t\t\t\t\t\t\t\t\t\t\t\t\t\t\t<h3 class=\"h4\">MITTSOMMER<\/h3>\n\t\t\t\t\t\t\t\t\n\t\t\t\t\t\t\t\t\n\t\t\t\t\t\t\t\t\n\t\t\t\t\t\t\t\t\t\t\t\t\t\t\t\t\t<div class=\"puff__text\"><p>Am Mittsommer-Wochenende und einige Tage danach k\u00f6nnen Sie besonders g\u00fcnstig Flo\u00df fahren und mit mehr Startterminen als \u00fcblich feiern.:<\/p>\n<p><strong><a href=\"https:\/\/www.vildmark.se\/de\/pakete\/holzflosspakete\/holzfloss-2-naechte\/\">Holzflo\u00df 2 N\u00e4chte<\/a>:<\/strong> SEK 1488\/Erw. (regul\u00e4rer Preis SEK 2480\/Erw.). Kinder bis einschlie\u00dflich 15 Jahren bezahlen 50%. Gilt f\u00fcr die Starttage 18., 19., 20., 21., 22., 23. und 24. Juni 2026.<\/p>\n<p><strong><a href=\"https:\/\/www.vildmark.se\/de\/pakete\/holzflosspakete\/holzfloss-2-tage\/\">Holzflo\u00df 2 Tage<\/a>:<\/strong> Mit Unterkunft in einer Ekonomi-H\u00fctte SEK 1488\/Erw. (regul\u00e4rer Preis SEK 2480\/Erw.), mit Unterkunft in einer Budget-H\u00fctte SEK 1396 \/Erw. (regul\u00e4rer Preis SEK 2380\/Erw.). Kinder bis einschlie\u00dflich 15 Jahren bezahlen 50%. Gilt f\u00fcr die Starttage 19., 20., 21., 22., 23., 24. und 25. Juni 2026.<\/p>\n<p><strong><a href=\"https:\/\/www.vildmark.se\/de\/pakete\/holzflosspakete\/holzfloss-1-tag\/\">Holzflo\u00df 1 Tag<\/a>:<\/strong> SEK 1224\/Erw. (regul\u00e4rer Preis SEK 2040\/Erw.). Kinder bis einschlie\u00dflich 15 Jahren bezahlen 50%. Gilt f\u00fcr die Starttage 19., 20., 21., 22., 23., 24. und 25. Juni 2026.<\/p>\n<\/div>\n\t\t\t\t\t\t\t\t\n\t\t\t\t\t\t\t\t\t\t\t\t\t\t<\/div>\n\t\t\t\t\t<\/div>\n\t\t\t\t\t<div class=\"puff__item__footer\">\n\t\t\t\t\t\n\t\t\t\t\t\t\t\t\t\t<\/div>\n\t\t\t\t<\/div>\n\t\t\t<\/div>\n\t\t\t\t\t\t<div class=\"col-12 col-md-6 puff__col\">\n\t\t\t\t<div class=\"puff__item puff__item--3-4 \" style=\"\">\n\t\t\t\t\t<div class=\"puff__item__body\">\n\t\t\t\t\t\t\t\t\t\t\t\t\t<div class=\"puff__img\" data-link=\"\">\n\t\t\t\t\t\t\t\t\t\t\t\t\t\t\t\t\t<picture><source type=\"image\/webp\" media=\"(min-width: 992px)\" data-srcset=\"\/wp-content\/uploads\/2025\/11\/2020-Tommy-Pedersen-Tf-pa-alven-Tf1Tf2Tf2n-9-scaled-636x343-c-center.webp 1x, \/wp-content\/uploads\/2025\/11\/2020-Tommy-Pedersen-Tf-pa-alven-Tf1Tf2Tf2n-9-scaled-1272x686-c-center.webp 2x\" \/><source media=\"(min-width: 992px)\" data-srcset=\"\/wp-content\/uploads\/2025\/11\/2020-Tommy-Pedersen-Tf-pa-alven-Tf1Tf2Tf2n-9-scaled-636x343-c-center.jpg 1x, \/wp-content\/uploads\/2025\/11\/2020-Tommy-Pedersen-Tf-pa-alven-Tf1Tf2Tf2n-9-scaled-1272x686-c-center.jpg 2x\" \/><source type=\"image\/webp\" media=\"(min-width: 768px)\" data-srcset=\"\/wp-content\/uploads\/2025\/11\/2020-Tommy-Pedersen-Tf-pa-alven-Tf1Tf2Tf2n-9-scaled-348x214-c-center.webp 1x, \/wp-content\/uploads\/2025\/11\/2020-Tommy-Pedersen-Tf-pa-alven-Tf1Tf2Tf2n-9-scaled-696x428-c-center.webp 2x\" \/><source media=\"(min-width: 768px)\" data-srcset=\"\/wp-content\/uploads\/2025\/11\/2020-Tommy-Pedersen-Tf-pa-alven-Tf1Tf2Tf2n-9-scaled-348x214-c-center.jpg 1x, \/wp-content\/uploads\/2025\/11\/2020-Tommy-Pedersen-Tf-pa-alven-Tf1Tf2Tf2n-9-scaled-696x428-c-center.jpg 2x\" \/><img class=\"lazy\" alt=\"En luftbild tagen fr\u00e5n h\u00f6g h\u00f6jd. Tv\u00e5 mindre timmerflotte flyter med lite avst\u00e5nd till varandra p\u00e5 den breda Klar\u00e4lven. P\u00e5 flottarna st\u00e5r och sitter flera personer. \u00c4lven ligger bl\u00e5tt och stilla, en gr\u00f6n skog begr\u00e4nsar vattnet. \" data-srcset=\"\/wp-content\/uploads\/2025\/11\/2020-Tommy-Pedersen-Tf-pa-alven-Tf1Tf2Tf2n-9-scaled-636x343-c-center.jpg\" \/><\/picture>\n\t\t\t\t\t\t\t\t\t\t\t\t\t\t\t\t\t\t\t\t\t\t\t<\/div>\n\t\t\t\t\t\t\t\t\t\t\t\t<div class=\"puff__content\">\n\t\t\t\t\t\t\t\t\t\t\t\t\t\t\t\t\t<h3 class=\"h4\">WELCH EIN TRAUM!<\/h3>\n\t\t\t\t\t\t\t\t\n\t\t\t\t\t\t\t\t\n\t\t\t\t\t\t\t\t\n\t\t\t\t\t\t\t\t\t\t\t\t\t\t\t\t\t<div class=\"puff__text\"><div>Kombinieren Sie eine Holzflo\u00dffahrt mit Kanupaddeln und Wandern. An folgenden Daten bieten Wir das <a href=\"https:\/\/www.vildmark.se\/de\/pakete\/holzflosspakete\/traumweekend\/\"><strong>Traumweekend<\/strong><\/a> zu einem traumhaften Preis an:\u00a029. Mai, 5. Juni, 12. Juni, 19. Juni 2026<\/div>\n<div class=\"\">Preis: SEK 2028\/Erw. (regul\u00e4rer Preis SEK 3380\/Erw.). Kinder bis einschlie\u00dflich 15 Jahren bezahlen 50%.<\/div>\n<\/div>\n\t\t\t\t\t\t\t\t\n\t\t\t\t\t\t\t\t\t\t\t\t\t\t<\/div>\n\t\t\t\t\t<\/div>\n\t\t\t\t\t<div class=\"puff__item__footer\">\n\t\t\t\t\t\n\t\t\t\t\t\t\t\t\t\t<\/div>\n\t\t\t\t<\/div>\n\t\t\t<\/div>\n\t\t\t\t\t\t<div class=\"col-12 col-md-6 puff__col\">\n\t\t\t\t<div class=\"puff__item puff__item--3-4 \" style=\"\">\n\t\t\t\t\t<div class=\"puff__item__body\">\n\t\t\t\t\t\t\t\t\t\t\t\t\t<div class=\"puff__img\" data-link=\"\">\n\t\t\t\t\t\t\t\t\t\t\t\t\t\t\t\t\t<picture><source type=\"image\/webp\" media=\"(min-width: 992px)\" data-srcset=\"\/wp-content\/uploads\/2025\/02\/IMG_0303-636x343-c-center.webp 1x, \/wp-content\/uploads\/2025\/02\/IMG_0303-1272x686-c-center.webp 2x\" \/><source media=\"(min-width: 992px)\" data-srcset=\"\/wp-content\/uploads\/2025\/02\/IMG_0303-636x343-c-center.jpg 1x, \/wp-content\/uploads\/2025\/02\/IMG_0303-1272x686-c-center.jpg 2x\" \/><source type=\"image\/webp\" media=\"(min-width: 768px)\" data-srcset=\"\/wp-content\/uploads\/2025\/02\/IMG_0303-348x214-c-center.webp 1x, \/wp-content\/uploads\/2025\/02\/IMG_0303-696x428-c-center.webp 2x\" \/><source media=\"(min-width: 768px)\" data-srcset=\"\/wp-content\/uploads\/2025\/02\/IMG_0303-348x214-c-center.jpg 1x, \/wp-content\/uploads\/2025\/02\/IMG_0303-696x428-c-center.jpg 2x\" \/><img class=\"lazy\" alt=\"IMG_0303\" data-srcset=\"\/wp-content\/uploads\/2025\/02\/IMG_0303-636x343-c-center.jpg\" \/><\/picture>\n\t\t\t\t\t\t\t\t\t\t\t\t\t\t\t\t\t\t\t\t\t\t\t<\/div>\n\t\t\t\t\t\t\t\t\t\t\t\t<div class=\"puff__content\">\n\t\t\t\t\t\t\t\t\t\t\t\t\t\t\t\t\t<h3 class=\"h4\">EINE RUNDE SACHE<\/h3>\n\t\t\t\t\t\t\t\t\n\t\t\t\t\t\t\t\t\n\t\t\t\t\t\t\t\t\n\t\t\t\t\t\t\t\t\t\t\t\t\t\t\t\t\t<div class=\"puff__text\"><p>Zum Paket &#8222;Holzflo\u00df 2 Tage&#8220; geh\u00f6rt immer eine \u00dcbernachtung in einer H\u00fctte auf Klar\u00e4lvens Camping. Im Zeitraum 30. Mai-27. Juni und 13. August-11. September k\u00f6nnen Sie nach der Holzflo\u00dffahrt ohne Aufpreis <strong>eine weitere Nacht<\/strong> in der gew\u00e4hlten H\u00fctte auf Klar\u00e4lvens Camping wohnen.<\/p>\n<p>Lesen Sie mehr zu dem Paket und buchen Sie online.<\/p>\n<\/div>\n\t\t\t\t\t\t\t\t\n\t\t\t\t\t\t\t\t\t\t\t\t\t\t<\/div>\n\t\t\t\t\t<\/div>\n\t\t\t\t\t<div class=\"puff__item__footer\">\n\t\t\t\t\t\n\t\t\t\t\t<div class=\"puff__button text-center button-count-1\">\n\t<div class=\"wp-block wp-block-buttons d-flex flex-wrap\">\n\t\t\t\t\t\t<div class=\"wp-block wp-block-button is-style-fill\">\n\t\t\t<a href=\"https:\/\/www.vildmark.se\/de\/pakete\/holzflosspakete\/holzfloss-2-tage\/\" target=\"\" class=\"wp-block-button__link wp-element-button \" >\nHolzflo\u00df 2 Tage\n<\/a>\t\t<\/div>\n\t\t\t<\/div>\n<\/div>\n\t\t\t\t\t<\/div>\n\t\t\t\t<\/div>\n\t\t\t<\/div>\n\t\t\t\t\t\t<div class=\"col-12 col-md-6 puff__col\">\n\t\t\t\t<div class=\"puff__item puff__item--3-4 \" style=\"\">\n\t\t\t\t\t<div class=\"puff__item__body\">\n\t\t\t\t\t\t\t\t\t\t\t\t\t<div class=\"puff__img\" data-link=\"\">\n\t\t\t\t\t\t\t\t\t\t\t\t\t\t\t\t\t<picture><source type=\"image\/webp\" media=\"(min-width: 992px)\" data-srcset=\"\/wp-content\/uploads\/2024\/03\/32-Vildmark-scaled-636x343-c-center.webp 1x, \/wp-content\/uploads\/2024\/03\/32-Vildmark-scaled-1272x686-c-center.webp 2x\" \/><source media=\"(min-width: 992px)\" data-srcset=\"\/wp-content\/uploads\/2024\/03\/32-Vildmark-scaled-636x343-c-center.jpg 1x, \/wp-content\/uploads\/2024\/03\/32-Vildmark-scaled-1272x686-c-center.jpg 2x\" \/><source type=\"image\/webp\" media=\"(min-width: 768px)\" data-srcset=\"\/wp-content\/uploads\/2024\/03\/32-Vildmark-scaled-348x214-c-center.webp 1x, \/wp-content\/uploads\/2024\/03\/32-Vildmark-scaled-696x428-c-center.webp 2x\" \/><source media=\"(min-width: 768px)\" data-srcset=\"\/wp-content\/uploads\/2024\/03\/32-Vildmark-scaled-348x214-c-center.jpg 1x, \/wp-content\/uploads\/2024\/03\/32-Vildmark-scaled-696x428-c-center.jpg 2x\" \/><img class=\"lazy\" alt=\"Vildmark V\u00e4rmland - Klar\u00e4lvens CampingFoto: Tommy Pedersen070-3046086\" data-srcset=\"\/wp-content\/uploads\/2024\/03\/32-Vildmark-scaled-636x343-c-center.jpg\" \/><\/picture>\n\t\t\t\t\t\t\t\t\t\t\t\t\t\t\t\t\t\t\t\t\t\t\t<\/div>\n\t\t\t\t\t\t\t\t\t\t\t\t<div class=\"puff__content\">\n\t\t\t\t\t\t\t\t\t\t\t\t\t\t\t\t\t<h3 class=\"h4\">3 F\u00dcR 2<\/h3>\n\t\t\t\t\t\t\t\t\n\t\t\t\t\t\t\t\t\n\t\t\t\t\t\t\t\t\n\t\t\t\t\t\t\t\t\t\t\t\t\t\t\t\t\t<div class=\"puff__text\"><p>Haben Sie die Rabattkarte CampingKeyEurope? Im Mai und im September bezahlen Sie lediglich 2 N\u00e4chte, wenn Sie 3 N\u00e4chte hintereinander in Ihrem Wohnmobil, Wohnwagen oder Zelt auf Klar\u00e4lvens Camping \u00fcbernachten. Willkommen zur Ruhe des Urlaubs!<\/p>\n<p>Lesen Sie mehr und buchen Sie online!<\/p>\n<\/div>\n\t\t\t\t\t\t\t\t\n\t\t\t\t\t\t\t\t\t\t\t\t\t\t<\/div>\n\t\t\t\t\t<\/div>\n\t\t\t\t\t<div class=\"puff__item__footer\">\n\t\t\t\t\t\n\t\t\t\t\t<div class=\"puff__button text-center button-count-1\">\n\t<div class=\"wp-block wp-block-buttons d-flex flex-wrap\">\n\t\t\t\t\t\t<div class=\"wp-block wp-block-button is-style-fill\">\n\t\t\t<a href=\"https:\/\/www.vildmark.se\/de\/unterkunft\/klaraelvens-camping\/\" target=\"\" class=\"wp-block-button__link wp-element-button \" >\nKlar\u00e4lvens Camping\n<\/a>\t\t<\/div>\n\t\t\t<\/div>\n<\/div>\n\t\t\t\t\t<\/div>\n\t\t\t\t<\/div>\n\t\t\t<\/div>\n\t\t\t\t\t<\/div>\n\t\t\n\t\n<\/div><\/div><\/div>\n\n<div class=\"block-container block-core-buttons alignwide\"><div class=\"block is-wp-block core-buttons\">\n<div class=\"wp-block-buttons alignwide is-content-justification-left is-layout-flex wp-container-core-buttons-is-layout-fdcfc74e wp-block-buttons-is-layout-flex\">\n<div class=\"wp-block-button\"><a class=\"wp-block-button__link wp-element-button\" href=\"https:\/\/vildmark.se\/de\/\">Zur\u00fcck zur Startseite<\/a><\/div>\n<\/div>\n<\/div><\/div>","protected":false},"excerpt":{"rendered":"<p>Sparen Sie bis zu 40%! Lassen Sie die Dunkelheit des Winters hinter sich und begeben Sie sich auf gro\u00dfe Tour. Wenn die N\u00e4chte besonders hell und die Tage schier unendlich sind, bieten wir einige unserer Angebote zu Spezialpreisen an. Willkommen zum Abenteuer!<\/p>\n","protected":false},"author":5,"featured_media":0,"parent":0,"menu_order":0,"comment_status":"closed","ping_status":"closed","template":"","meta":{"_acf_changed":false,"footnotes":""},"tags":[],"class_list":["post-13677","page","type-page","status-publish","hentry"],"acf":[],"yoast_head":"<!-- This site is optimized with the Yoast SEO plugin v27.5 - https:\/\/yoast.com\/product\/yoast-seo-wordpress\/ -->\n<title>Spezialangebote | Vildmark i V\u00e4rmland<\/title>\n<meta name=\"description\" content=\"Greifen Sie zu! Rund um den schwedischen Mittsommer bieten wir viele Touren zu Spezialpreisen an. Erleben Sie die hellen N\u00e4chte des Nordens.\" \/>\n<meta name=\"robots\" content=\"index, follow, max-snippet:-1, max-image-preview:large, max-video-preview:-1\" \/>\n<link rel=\"canonical\" href=\"https:\/\/www.vildmark.se\/de\/spezialangebote\/\" \/>\n<meta property=\"og:locale\" content=\"de_DE\" \/>\n<meta property=\"og:type\" content=\"article\" \/>\n<meta property=\"og:title\" content=\"Spezialangebote | Vildmark i V\u00e4rmland\" \/>\n<meta property=\"og:description\" content=\"Greifen Sie zu! Rund um den schwedischen Mittsommer bieten wir viele Touren zu Spezialpreisen an. Erleben Sie die hellen N\u00e4chte des Nordens.\" \/>\n<meta property=\"og:url\" content=\"https:\/\/www.vildmark.se\/de\/spezialangebote\/\" \/>\n<meta property=\"og:site_name\" content=\"Vildmark i V\u00e4rmland\" \/>\n<meta property=\"article:modified_time\" content=\"2026-04-15T16:42:16+00:00\" \/>\n<meta property=\"og:image\" content=\"https:\/\/www.vildmark.se\/wp-content\/uploads\/2026\/03\/2020-Katharina-Steffens-Granberget-1-2880x2160.jpeg\" \/>\n<meta name=\"twitter:card\" content=\"summary_large_image\" \/>\n<meta name=\"twitter:label1\" content=\"Gesch\u00e4tzte Lesezeit\" \/>\n\t<meta name=\"twitter:data1\" content=\"3\u00a0Minuten\" \/>\n<script type=\"application\/ld+json\" class=\"yoast-schema-graph\">{\"@context\":\"https:\\\/\\\/schema.org\",\"@graph\":[{\"@type\":\"WebPage\",\"@id\":\"https:\\\/\\\/www.vildmark.se\\\/de\\\/spezialangebote\\\/\",\"url\":\"https:\\\/\\\/www.vildmark.se\\\/de\\\/spezialangebote\\\/\",\"name\":\"Spezialangebote | Vildmark i V\u00e4rmland\",\"isPartOf\":{\"@id\":\"https:\\\/\\\/www.vildmark.se\\\/de\\\/#website\"},\"primaryImageOfPage\":{\"@id\":\"https:\\\/\\\/www.vildmark.se\\\/de\\\/spezialangebote\\\/#primaryimage\"},\"image\":{\"@id\":\"https:\\\/\\\/www.vildmark.se\\\/de\\\/spezialangebote\\\/#primaryimage\"},\"thumbnailUrl\":\"https:\\\/\\\/www.vildmark.se\\\/wp-content\\\/uploads\\\/2026\\\/03\\\/2020-Katharina-Steffens-Granberget-1-2880x2160.jpeg\",\"datePublished\":\"2024-03-06T14:24:28+00:00\",\"dateModified\":\"2026-04-15T16:42:16+00:00\",\"description\":\"Greifen Sie zu! Rund um den schwedischen Mittsommer bieten wir viele Touren zu Spezialpreisen an. Erleben Sie die hellen N\u00e4chte des Nordens.\",\"inLanguage\":\"de\",\"potentialAction\":[{\"@type\":\"ReadAction\",\"target\":[\"https:\\\/\\\/www.vildmark.se\\\/de\\\/spezialangebote\\\/\"]}]},{\"@type\":\"ImageObject\",\"inLanguage\":\"de\",\"@id\":\"https:\\\/\\\/www.vildmark.se\\\/de\\\/spezialangebote\\\/#primaryimage\",\"url\":\"https:\\\/\\\/www.vildmark.se\\\/wp-content\\\/uploads\\\/2026\\\/03\\\/2020-Katharina-Steffens-Granberget-1-2880x2160.jpeg\",\"contentUrl\":\"https:\\\/\\\/www.vildmark.se\\\/wp-content\\\/uploads\\\/2026\\\/03\\\/2020-Katharina-Steffens-Granberget-1-2880x2160.jpeg\"},{\"@type\":\"WebSite\",\"@id\":\"https:\\\/\\\/www.vildmark.se\\\/de\\\/#website\",\"url\":\"https:\\\/\\\/www.vildmark.se\\\/de\\\/\",\"name\":\"Vildmark i V\u00e4rmland\",\"description\":\"\",\"potentialAction\":[{\"@type\":\"SearchAction\",\"target\":{\"@type\":\"EntryPoint\",\"urlTemplate\":\"https:\\\/\\\/www.vildmark.se\\\/de\\\/?s={search_term_string}\"},\"query-input\":{\"@type\":\"PropertyValueSpecification\",\"valueRequired\":true,\"valueName\":\"search_term_string\"}}],\"inLanguage\":\"de\"}]}<\/script>\n<!-- \/ Yoast SEO plugin. -->","yoast_head_json":{"title":"Spezialangebote | Vildmark i V\u00e4rmland","description":"Greifen Sie zu! Rund um den schwedischen Mittsommer bieten wir viele Touren zu Spezialpreisen an. Erleben Sie die hellen N\u00e4chte des Nordens.","robots":{"index":"index","follow":"follow","max-snippet":"max-snippet:-1","max-image-preview":"max-image-preview:large","max-video-preview":"max-video-preview:-1"},"canonical":"https:\/\/www.vildmark.se\/de\/spezialangebote\/","og_locale":"de_DE","og_type":"article","og_title":"Spezialangebote | Vildmark i V\u00e4rmland","og_description":"Greifen Sie zu! Rund um den schwedischen Mittsommer bieten wir viele Touren zu Spezialpreisen an. Erleben Sie die hellen N\u00e4chte des Nordens.","og_url":"https:\/\/www.vildmark.se\/de\/spezialangebote\/","og_site_name":"Vildmark i V\u00e4rmland","article_modified_time":"2026-04-15T16:42:16+00:00","og_image":[{"url":"https:\/\/www.vildmark.se\/wp-content\/uploads\/2026\/03\/2020-Katharina-Steffens-Granberget-1-2880x2160.jpeg","type":"","width":"","height":""}],"twitter_card":"summary_large_image","twitter_misc":{"Gesch\u00e4tzte Lesezeit":"3\u00a0Minuten"},"schema":{"@context":"https:\/\/schema.org","@graph":[{"@type":"WebPage","@id":"https:\/\/www.vildmark.se\/de\/spezialangebote\/","url":"https:\/\/www.vildmark.se\/de\/spezialangebote\/","name":"Spezialangebote | Vildmark i V\u00e4rmland","isPartOf":{"@id":"https:\/\/www.vildmark.se\/de\/#website"},"primaryImageOfPage":{"@id":"https:\/\/www.vildmark.se\/de\/spezialangebote\/#primaryimage"},"image":{"@id":"https:\/\/www.vildmark.se\/de\/spezialangebote\/#primaryimage"},"thumbnailUrl":"https:\/\/www.vildmark.se\/wp-content\/uploads\/2026\/03\/2020-Katharina-Steffens-Granberget-1-2880x2160.jpeg","datePublished":"2024-03-06T14:24:28+00:00","dateModified":"2026-04-15T16:42:16+00:00","description":"Greifen Sie zu! Rund um den schwedischen Mittsommer bieten wir viele Touren zu Spezialpreisen an. Erleben Sie die hellen N\u00e4chte des Nordens.","inLanguage":"de","potentialAction":[{"@type":"ReadAction","target":["https:\/\/www.vildmark.se\/de\/spezialangebote\/"]}]},{"@type":"ImageObject","inLanguage":"de","@id":"https:\/\/www.vildmark.se\/de\/spezialangebote\/#primaryimage","url":"https:\/\/www.vildmark.se\/wp-content\/uploads\/2026\/03\/2020-Katharina-Steffens-Granberget-1-2880x2160.jpeg","contentUrl":"https:\/\/www.vildmark.se\/wp-content\/uploads\/2026\/03\/2020-Katharina-Steffens-Granberget-1-2880x2160.jpeg"},{"@type":"WebSite","@id":"https:\/\/www.vildmark.se\/de\/#website","url":"https:\/\/www.vildmark.se\/de\/","name":"Vildmark i V\u00e4rmland","description":"","potentialAction":[{"@type":"SearchAction","target":{"@type":"EntryPoint","urlTemplate":"https:\/\/www.vildmark.se\/de\/?s={search_term_string}"},"query-input":{"@type":"PropertyValueSpecification","valueRequired":true,"valueName":"search_term_string"}}],"inLanguage":"de"}]}},"publishpress_future_action":{"enabled":false,"date":"2026-05-16 06:02:21","action":"change-status","newStatus":"draft","terms":[],"taxonomy":"post_tag","extraData":[]},"publishpress_future_workflow_manual_trigger":{"enabledWorkflows":[]},"_links":{"self":[{"href":"https:\/\/www.vildmark.se\/de\/wp-json\/wp\/v2\/pages\/13677","targetHints":{"allow":["GET"]}}],"collection":[{"href":"https:\/\/www.vildmark.se\/de\/wp-json\/wp\/v2\/pages"}],"about":[{"href":"https:\/\/www.vildmark.se\/de\/wp-json\/wp\/v2\/types\/page"}],"author":[{"embeddable":true,"href":"https:\/\/www.vildmark.se\/de\/wp-json\/wp\/v2\/users\/5"}],"replies":[{"embeddable":true,"href":"https:\/\/www.vildmark.se\/de\/wp-json\/wp\/v2\/comments?post=13677"}],"version-history":[{"count":40,"href":"https:\/\/www.vildmark.se\/de\/wp-json\/wp\/v2\/pages\/13677\/revisions"}],"predecessor-version":[{"id":29862,"href":"https:\/\/www.vildmark.se\/de\/wp-json\/wp\/v2\/pages\/13677\/revisions\/29862"}],"wp:attachment":[{"href":"https:\/\/www.vildmark.se\/de\/wp-json\/wp\/v2\/media?parent=13677"}],"wp:term":[{"taxonomy":"post_tag","embeddable":true,"href":"https:\/\/www.vildmark.se\/de\/wp-json\/wp\/v2\/tags?post=13677"}],"curies":[{"name":"wp","href":"https:\/\/api.w.org\/{rel}","templated":true}]}}